{"id":30,"date":"2018-06-13T09:20:30","date_gmt":"2018-06-13T09:20:30","guid":{"rendered":"https:\/\/olafwerner.com\/?page_id=30"},"modified":"2024-06-05T09:11:48","modified_gmt":"2024-06-05T09:11:48","slug":"impressum","status":"publish","type":"page","link":"https:\/\/olafwerner.com\/?page_id=30","title":{"rendered":"Impressum"},"content":{"rendered":"<div id=\"cs-content\" class=\"cs-content\"><\/div>\n","protected":false},"excerpt":{"rendered":"<p>Impressum Angaben gem\u00e4\u00df \u00a7 5 TMG Olaf Werner Waldstr. 12 09577 Niederwiesa Vertreten durch: Olaf Werner Kontakt: Mobil: 0171 7306 299 E-Mail: info@olafwerner.com Umsatzsteuer-ID: Umsatzsteuer-Identifikationsnummer gem\u00e4\u00df \u00a727a Umsatzsteuergesetz: DE232932628 Gestaltung und Design: derNetzPlatz Michael Gun Schlossgasse 1 86857 Hurlach Haftungsausschluss: Haftung f\u00fcr Inhalte Die Inhalte unserer Seiten wurden mit gr\u00f6\u00dfter Sorgfalt erstellt. F\u00fcr die Richtigkeit, Vollst\u00e4ndigkeit und Aktualit\u00e4t der Inhalte &#8230; <\/p>\n<div><a href=\"https:\/\/olafwerner.com\/?page_id=30\" class=\"more-link\">Read More<\/a><\/div>\n","protected":false},"author":2,"featured_media":0,"parent":0,"menu_order":0,"comment_status":"closed","ping_status":"closed","template":"template-blank-4.php","meta":{"footnotes":""},"_links":{"self":[{"href":"https:\/\/olafwerner.com\/index.php?rest_route=\/wp\/v2\/pages\/30"}],"collection":[{"href":"https:\/\/olafwerner.com\/index.php?rest_route=\/wp\/v2\/pages"}],"about":[{"href":"https:\/\/olafwerner.com\/index.php?rest_route=\/wp\/v2\/types\/page"}],"author":[{"embeddable":true,"href":"https:\/\/olafwerner.com\/index.php?rest_route=\/wp\/v2\/users\/2"}],"replies":[{"embeddable":true,"href":"https:\/\/olafwerner.com\/index.php?rest_route=%2Fwp%2Fv2%2Fcomments&post=30"}],"version-history":[{"count":4,"href":"https:\/\/olafwerner.com\/index.php?rest_route=\/wp\/v2\/pages\/30\/revisions"}],"predecessor-version":[{"id":117,"href":"https:\/\/olafwerner.com\/index.php?rest_route=\/wp\/v2\/pages\/30\/revisions\/117"}],"wp:attachment":[{"href":"https:\/\/olafwerner.com\/index.php?rest_route=%2Fwp%2Fv2%2Fmedia&parent=30"}],"curies":[{"name":"wp","href":"https:\/\/api.w.org\/{rel}","templated":true}]}}