{"id":21,"date":"2018-06-13T09:19:25","date_gmt":"2018-06-13T09:19:25","guid":{"rendered":"https:\/\/olafwerner.com\/?page_id=21"},"modified":"2019-11-05T14:01:24","modified_gmt":"2019-11-05T14:01:24","slug":"olaf-werner","status":"publish","type":"page","link":"https:\/\/olafwerner.com\/","title":{"rendered":"Olaf Werner"},"content":{"rendered":"<div id=\"cs-content\" class=\"cs-content\"><\/div>\n","protected":false},"excerpt":{"rendered":"<p>Philosophie Behagliche Atmosph\u00e4re wahrnehmen und entstehen lassen\u00a0halte ich f\u00fcr meine Aufgabe an der ich arbeite. Einfachheit &#8211; Sachlichkeit &#8211; Funktionalit\u00e4t. \u00d6kologie und Nachhaltigkeit sind Dinge die mich bewegen und pr\u00e4gen\u00a0und uns gemeinsam weiterbringen.T\u00e4tigkeit Gestaltung und Bau von handwerklichen Feuerst\u00e4tten (Kamine, Kachel\u00f6fen, Stahl\u00f6fen, Back\u00f6fen, Herde,\u00a0integrierte Heizsysteme,\u2026) Wartung \/ Reparatur \/ Restauration Natursteinarbeiten L\u00f6sungen f\u00fcr Design-Details Badplanungen\u00a0sowie konzeptionelle Ausf\u00fchrungen Olaf Werner Kachelofen- &#8230; <\/p>\n<div><a href=\"https:\/\/olafwerner.com\/\" class=\"more-link\">Read More<\/a><\/div>\n","protected":false},"author":2,"featured_media":0,"parent":0,"menu_order":0,"comment_status":"closed","ping_status":"closed","template":"template-blank-4.php","meta":{"footnotes":""},"_links":{"self":[{"href":"https:\/\/olafwerner.com\/index.php?rest_route=\/wp\/v2\/pages\/21"}],"collection":[{"href":"https:\/\/olafwerner.com\/index.php?rest_route=\/wp\/v2\/pages"}],"about":[{"href":"https:\/\/olafwerner.com\/index.php?rest_route=\/wp\/v2\/types\/page"}],"author":[{"embeddable":true,"href":"https:\/\/olafwerner.com\/index.php?rest_route=\/wp\/v2\/users\/2"}],"replies":[{"embeddable":true,"href":"https:\/\/olafwerner.com\/index.php?rest_route=%2Fwp%2Fv2%2Fcomments&post=21"}],"version-history":[{"count":20,"href":"https:\/\/olafwerner.com\/index.php?rest_route=\/wp\/v2\/pages\/21\/revisions"}],"predecessor-version":[{"id":112,"href":"https:\/\/olafwerner.com\/index.php?rest_route=\/wp\/v2\/pages\/21\/revisions\/112"}],"wp:attachment":[{"href":"https:\/\/olafwerner.com\/index.php?rest_route=%2Fwp%2Fv2%2Fmedia&parent=21"}],"curies":[{"name":"wp","href":"https:\/\/api.w.org\/{rel}","templated":true}]}}